{"id":58,"date":"2016-07-05T13:37:35","date_gmt":"2016-07-05T13:37:35","guid":{"rendered":"http:\/\/crispet.com\/wordpress\/about-us\/"},"modified":"2022-04-15T08:37:02","modified_gmt":"2022-04-15T08:37:02","slug":"acerca","status":"publish","type":"page","link":"https:\/\/www.crispet.com\/?page_id=58","title":{"rendered":""},"content":{"rendered":"\n<div class=\"wp-block-columns is-layout-flex wp-container-core-columns-is-layout-28f84493 wp-block-columns-is-layout-flex\">\n<div class=\"wp-block-column is-layout-flow wp-block-column-is-layout-flow\">\n<figure class=\"wp-block-image size-large\"><img loading=\"lazy\" decoding=\"async\" width=\"783\" height=\"1024\" src=\"https:\/\/www.crispet.com\/wp-content\/uploads\/2022\/04\/EDITS-web-1-783x1024.jpg\" alt=\"\" class=\"wp-image-1910\" srcset=\"https:\/\/www.crispet.com\/wp-content\/uploads\/2022\/04\/EDITS-web-1-783x1024.jpg 783w, https:\/\/www.crispet.com\/wp-content\/uploads\/2022\/04\/EDITS-web-1-230x300.jpg 230w, https:\/\/www.crispet.com\/wp-content\/uploads\/2022\/04\/EDITS-web-1-768x1004.jpg 768w, https:\/\/www.crispet.com\/wp-content\/uploads\/2022\/04\/EDITS-web-1-920x1202.jpg 920w, https:\/\/www.crispet.com\/wp-content\/uploads\/2022\/04\/EDITS-web-1-575x752.jpg 575w, https:\/\/www.crispet.com\/wp-content\/uploads\/2022\/04\/EDITS-web-1-380x497.jpg 380w, https:\/\/www.crispet.com\/wp-content\/uploads\/2022\/04\/EDITS-web-1-420x549.jpg 420w, https:\/\/www.crispet.com\/wp-content\/uploads\/2022\/04\/EDITS-web-1-800x1046.jpg 800w, https:\/\/www.crispet.com\/wp-content\/uploads\/2022\/04\/EDITS-web-1.jpg 1000w\" sizes=\"auto, (max-width: 783px) 100vw, 783px\" \/><\/figure>\n<\/div>\n\n\n\n<div class=\"wp-block-column is-layout-flow wp-block-column-is-layout-flow\">\n<p>Ol\u00e1! ?<br>O meu nome \u00e9 Cristiane Cardoso e para al\u00e9m de ser uma mulher empreendedora, sou apaixonada pelos meus animais de estima\u00e7\u00e3o.<br>Quando era nova, decidi trocar o Brasil por Espanha, onde nasceu a vontade de criar o meu pr\u00f3prio neg\u00f3cio.<br>O projeto come\u00e7ou em meados de 2007, em L\u00e9rida, e foi Victor Manuel, o meu Yorkshire, companheiro da altura, que deu asas \u00e0 minha imagina\u00e7\u00e3o. Havia uma falta tremenda de produtos com boa qualidade e estilo ent\u00e3o, sem ter qualquer experi\u00eancia em costura, decidi come\u00e7ar a desenhar os meus peitorais e roupas originais, funcionais, bonitas e com bons tecidos, para se adaptarem da melhor forma aos animais. Foi a Blanquita, uma West Highland White Terrier, companheira da altura que me inspirou para fazer o logo Cris Pet e todos os animais com quem vivo hoje, s\u00e3o a minha grande inspira\u00e7\u00e3o, uma delas a Maria Eduarda, na foto.<\/p>\n\n\n\n<p>Foi em 2015 que montei a f\u00e1brica em Quarteira, Portugal e onde at\u00e9 hoje dedico o meu tempo na cria\u00e7\u00e3o de novas cole\u00e7\u00f5es e produtos com o objetivo de dar o m\u00e1ximo de estilo e conforto ao seu animal de estima\u00e7\u00e3o. Fa\u00e7o tamb\u00e9m pe\u00e7as por medida, com moldes 100% originais e adapto muitos outfits para c\u00e3es de porte maior.<br>A Cris Pet j\u00e1 conta com algumas lojas parceiras pelo pa\u00eds, pode encontrar-nos em Lisboa, Alverca, Entroncamento, Almeirim, Albufeira e na nossa f\u00e1brica em Quarteira.<\/p>\n\n\n\n<p>At\u00e9 breve!<br>Cris ?<\/p>\n<\/div>\n<\/div>\n","protected":false},"excerpt":{"rendered":"<p>Ol\u00e1! ?O meu nome \u00e9 Cristiane Cardoso e para al\u00e9m de ser uma mulher empreendedora, sou apaixonada pelos meus animais de estima\u00e7\u00e3o.Quando era nova, decidi trocar o Brasil por Espanha, [&hellip;]<\/p>\n","protected":false},"author":1,"featured_media":0,"parent":0,"menu_order":0,"comment_status":"closed","ping_status":"closed","template":"","meta":{"footnotes":""},"class_list":["post-58","page","type-page","status-publish","hentry"],"jetpack_sharing_enabled":true,"jetpack_shortlink":"https:\/\/wp.me\/P9qy1S-W","_links":{"self":[{"href":"https:\/\/www.crispet.com\/index.php?rest_route=\/wp\/v2\/pages\/58","targetHints":{"allow":["GET"]}}],"collection":[{"href":"https:\/\/www.crispet.com\/index.php?rest_route=\/wp\/v2\/pages"}],"about":[{"href":"https:\/\/www.crispet.com\/index.php?rest_route=\/wp\/v2\/types\/page"}],"author":[{"embeddable":true,"href":"https:\/\/www.crispet.com\/index.php?rest_route=\/wp\/v2\/users\/1"}],"replies":[{"embeddable":true,"href":"https:\/\/www.crispet.com\/index.php?rest_route=%2Fwp%2Fv2%2Fcomments&post=58"}],"version-history":[{"count":0,"href":"https:\/\/www.crispet.com\/index.php?rest_route=\/wp\/v2\/pages\/58\/revisions"}],"wp:attachment":[{"href":"https:\/\/www.crispet.com\/index.php?rest_route=%2Fwp%2Fv2%2Fmedia&parent=58"}],"curies":[{"name":"wp","href":"https:\/\/api.w.org\/{rel}","templated":true}]}}