{"id":3264,"date":"2024-02-21T00:27:22","date_gmt":"2024-02-21T00:27:22","guid":{"rendered":"https:\/\/www.crispet.com\/?post_type=product&#038;p=3264"},"modified":"2024-02-21T01:12:32","modified_gmt":"2024-02-21T01:12:32","slug":"peitoral-picasso-slim","status":"publish","type":"product","link":"https:\/\/www.crispet.com\/?product=peitoral-picasso-slim","title":{"rendered":"Peitoral Picasso Slim"},"content":{"rendered":"<p>Peitoral Picasso Slim<\/p>\n<p>\u00c9 uma pe\u00e7a de vestu\u00e1rio pet moderna e elegante, projetada para oferecer conforto e estilo aos animais de estima\u00e7\u00e3o. Com ajuste no peito e um design inovador, este peitoral \u00e9 uma escolha vers\u00e1til que pode ser usado por c\u00e3es machos e f\u00eameas. Al\u00e9m disso, o toque final com um la\u00e7o elegante torna este acess\u00f3rio ainda mais charmoso, especialmente para as f\u00eameas. Com o peitoral Picasso Slim, seu pet estar\u00e1 pronto para passear com muito estilo e sofistica\u00e7\u00e3o.<\/p>\n","protected":false},"excerpt":{"rendered":"<p>Peitoral Picasso Slim \u00c9 uma pe\u00e7a de vestu\u00e1rio pet moderna e elegante, projetada para oferecer conforto e estilo aos animais de estima\u00e7\u00e3o. Com ajuste no peito e um design inovador, [&hellip;]<\/p>\n","protected":false},"featured_media":3262,"comment_status":"open","ping_status":"closed","template":"","meta":{"jetpack_publicize_message":"","jetpack_publicize_feature_enabled":true,"jetpack_social_post_already_shared":true,"jetpack_social_options":{"image_generator_settings":{"template":"highway","default_image_id":0,"font":"","enabled":false},"version":2}},"product_brand":[],"product_cat":[53],"product_tag":[184,181,24,25,173,23,174],"class_list":{"0":"post-3264","1":"product","2":"type-product","3":"status-publish","4":"has-post-thumbnail","6":"product_cat-semcategoria","7":"product_tag-acessorios-pet","8":"product_tag-animal-de-estimacao","9":"product_tag-caes","10":"product_tag-gatos","11":"product_tag-peitorais","12":"product_tag-pets","13":"product_tag-roupas-pet","15":"first","16":"instock","17":"shipping-taxable","18":"purchasable","19":"product-type-variable"},"jetpack_publicize_connections":[],"jetpack_sharing_enabled":true,"_links":{"self":[{"href":"https:\/\/www.crispet.com\/index.php?rest_route=\/wp\/v2\/product\/3264","targetHints":{"allow":["GET"]}}],"collection":[{"href":"https:\/\/www.crispet.com\/index.php?rest_route=\/wp\/v2\/product"}],"about":[{"href":"https:\/\/www.crispet.com\/index.php?rest_route=\/wp\/v2\/types\/product"}],"replies":[{"embeddable":true,"href":"https:\/\/www.crispet.com\/index.php?rest_route=%2Fwp%2Fv2%2Fcomments&post=3264"}],"wp:featuredmedia":[{"embeddable":true,"href":"https:\/\/www.crispet.com\/index.php?rest_route=\/wp\/v2\/media\/3262"}],"wp:attachment":[{"href":"https:\/\/www.crispet.com\/index.php?rest_route=%2Fwp%2Fv2%2Fmedia&parent=3264"}],"wp:term":[{"taxonomy":"product_brand","embeddable":true,"href":"https:\/\/www.crispet.com\/index.php?rest_route=%2Fwp%2Fv2%2Fproduct_brand&post=3264"},{"taxonomy":"product_cat","embeddable":true,"href":"https:\/\/www.crispet.com\/index.php?rest_route=%2Fwp%2Fv2%2Fproduct_cat&post=3264"},{"taxonomy":"product_tag","embeddable":true,"href":"https:\/\/www.crispet.com\/index.php?rest_route=%2Fwp%2Fv2%2Fproduct_tag&post=3264"}],"curies":[{"name":"wp","href":"https:\/\/api.w.org\/{rel}","templated":true}]}}