{"id":3277,"date":"2024-02-22T01:02:48","date_gmt":"2024-02-22T01:02:48","guid":{"rendered":"https:\/\/www.crispet.com\/?post_type=product&#038;p=3277"},"modified":"2024-02-26T01:07:48","modified_gmt":"2024-02-26T01:07:48","slug":"vestido-mountain-2","status":"publish","type":"product","link":"https:\/\/www.crispet.com\/?product=vestido-mountain-2","title":{"rendered":"Vestido Mountain"},"content":{"rendered":"<p>Vestido mountain veludo<\/p>\n<p>Al\u00e9m de ser um peitoral atemporal proporciona conforto e seguran\u00e7a durante os passeios. O peitoral Mountain \u00e9 confeccionado com tecidos resistentes, como algod\u00e3o refor\u00e7ado e poli\u00e9ster de alta qualidade, garantindo durabilidade e resist\u00eancia \u00e0s condi\u00e7\u00f5es adversas.<\/p>\n<p>O destaque do vestido \u00e9 o folho, um detalhe que confere um toque moderno e sofisticado \u00e0 pe\u00e7a. Ele \u00e9 incorporado de forma elegante ao design, proporcionando um visual \u00fanico e diferenciado. Al\u00e9m disso, o folho adiciona movimento e fluidez ao vestido, deixando-o ainda mais charmoso.<\/p>\n<p>Pensando na praticidade dos donos de animais de companhia, o vestido Mountain conta com uma m\u00e9dia argola estrategicamente posicionada. Essa argola permite que voc\u00ea prenda a guia do seu animal de forma segura e confort\u00e1vel, tornando seus passeios di\u00e1rios mais agrad\u00e1veis e despreocupados.<\/p>\n<p>Portanto, com o vestido Mountain, voc\u00ea ter\u00e1 um produto feito com materiais de alta qualidade e dur\u00e1veis, al\u00e9m de um toque moderno e sofisticado proporcionado pelo folho. E n\u00e3o se esquecendo da praticidade oferecida pela m\u00e9dia argola, que permitir\u00e1 que voc\u00ea aproveite momentos incr\u00edveis ao lado do seu animal de companhia nos passeios di\u00e1rios<br \/>\nTodas as nossas pe\u00e7as s\u00e3o feitas a m\u00e3o.<\/p>\n","protected":false},"excerpt":{"rendered":"<p>Vestido mountain veludo Al\u00e9m de ser um peitoral atemporal proporciona conforto e seguran\u00e7a durante os passeios. O peitoral Mountain \u00e9 confeccionado com tecidos resistentes, como algod\u00e3o refor\u00e7ado e poli\u00e9ster de [&hellip;]<\/p>\n","protected":false},"featured_media":3271,"comment_status":"open","ping_status":"closed","template":"","meta":{"jetpack_publicize_message":"","jetpack_publicize_feature_enabled":true,"jetpack_social_post_already_shared":true,"jetpack_social_options":{"image_generator_settings":{"template":"highway","default_image_id":0,"font":"","enabled":false},"version":2}},"product_brand":[],"product_cat":[53],"product_tag":[],"class_list":{"0":"post-3277","1":"product","2":"type-product","3":"status-publish","4":"has-post-thumbnail","6":"product_cat-semcategoria","8":"first","9":"instock","10":"shipping-taxable","11":"purchasable","12":"product-type-variable"},"jetpack_publicize_connections":[],"jetpack_sharing_enabled":true,"_links":{"self":[{"href":"https:\/\/www.crispet.com\/index.php?rest_route=\/wp\/v2\/product\/3277","targetHints":{"allow":["GET"]}}],"collection":[{"href":"https:\/\/www.crispet.com\/index.php?rest_route=\/wp\/v2\/product"}],"about":[{"href":"https:\/\/www.crispet.com\/index.php?rest_route=\/wp\/v2\/types\/product"}],"replies":[{"embeddable":true,"href":"https:\/\/www.crispet.com\/index.php?rest_route=%2Fwp%2Fv2%2Fcomments&post=3277"}],"wp:featuredmedia":[{"embeddable":true,"href":"https:\/\/www.crispet.com\/index.php?rest_route=\/wp\/v2\/media\/3271"}],"wp:attachment":[{"href":"https:\/\/www.crispet.com\/index.php?rest_route=%2Fwp%2Fv2%2Fmedia&parent=3277"}],"wp:term":[{"taxonomy":"product_brand","embeddable":true,"href":"https:\/\/www.crispet.com\/index.php?rest_route=%2Fwp%2Fv2%2Fproduct_brand&post=3277"},{"taxonomy":"product_cat","embeddable":true,"href":"https:\/\/www.crispet.com\/index.php?rest_route=%2Fwp%2Fv2%2Fproduct_cat&post=3277"},{"taxonomy":"product_tag","embeddable":true,"href":"https:\/\/www.crispet.com\/index.php?rest_route=%2Fwp%2Fv2%2Fproduct_tag&post=3277"}],"curies":[{"name":"wp","href":"https:\/\/api.w.org\/{rel}","templated":true}]}}