{"id":3287,"date":"2024-02-26T01:50:05","date_gmt":"2024-02-26T01:50:05","guid":{"rendered":"https:\/\/www.crispet.com\/?post_type=product&#038;p=3287"},"modified":"2024-05-01T10:00:29","modified_gmt":"2024-05-01T10:00:29","slug":"dress-sailor-picasso","status":"publish","type":"product","link":"https:\/\/www.crispet.com\/?product=dress-sailor-picasso","title":{"rendered":"Dress Sailor Picasso"},"content":{"rendered":"<p>O vestido Sailor dress Picasso<\/p>\n<p>\u00c9 \u00e9 perfeita para deixar o patudinho confort\u00e1vel e elegante ao mesmo tempo. O vestido Sailor dress Picasso veio para ficar e com certeza \u00e9 uma \u00f3tima op\u00e7\u00e3o para os dias de passeio ou viagem.<\/p>\n<p>O vestido Sailor dress Picasso tem uma meia argola que esta projetada para engatar a trela, tornando os passeios di\u00e1rios muito mais agrad\u00e1veis<\/p>\n<p>composi\u00e7\u00e3o 50% algod\u00e3o e 50% Poli\u00e9ster<\/p>\n","protected":false},"excerpt":{"rendered":"<p>O vestido Sailor dress Picasso \u00c9 \u00e9 perfeita para deixar o patudinho confort\u00e1vel e elegante ao mesmo tempo. O vestido Sailor dress Picasso veio para ficar e com certeza \u00e9 [&hellip;]<\/p>\n","protected":false},"featured_media":3284,"comment_status":"open","ping_status":"closed","template":"","meta":{"jetpack_publicize_message":"","jetpack_publicize_feature_enabled":true,"jetpack_social_post_already_shared":true,"jetpack_social_options":{"image_generator_settings":{"template":"highway","default_image_id":0,"font":"","enabled":false},"version":2}},"product_brand":[],"product_cat":[53],"product_tag":[],"class_list":{"0":"post-3287","1":"product","2":"type-product","3":"status-publish","4":"has-post-thumbnail","6":"product_cat-semcategoria","8":"first","9":"instock","10":"shipping-taxable","11":"purchasable","12":"product-type-variable"},"jetpack_publicize_connections":[],"jetpack_sharing_enabled":true,"_links":{"self":[{"href":"https:\/\/www.crispet.com\/index.php?rest_route=\/wp\/v2\/product\/3287","targetHints":{"allow":["GET"]}}],"collection":[{"href":"https:\/\/www.crispet.com\/index.php?rest_route=\/wp\/v2\/product"}],"about":[{"href":"https:\/\/www.crispet.com\/index.php?rest_route=\/wp\/v2\/types\/product"}],"replies":[{"embeddable":true,"href":"https:\/\/www.crispet.com\/index.php?rest_route=%2Fwp%2Fv2%2Fcomments&post=3287"}],"wp:featuredmedia":[{"embeddable":true,"href":"https:\/\/www.crispet.com\/index.php?rest_route=\/wp\/v2\/media\/3284"}],"wp:attachment":[{"href":"https:\/\/www.crispet.com\/index.php?rest_route=%2Fwp%2Fv2%2Fmedia&parent=3287"}],"wp:term":[{"taxonomy":"product_brand","embeddable":true,"href":"https:\/\/www.crispet.com\/index.php?rest_route=%2Fwp%2Fv2%2Fproduct_brand&post=3287"},{"taxonomy":"product_cat","embeddable":true,"href":"https:\/\/www.crispet.com\/index.php?rest_route=%2Fwp%2Fv2%2Fproduct_cat&post=3287"},{"taxonomy":"product_tag","embeddable":true,"href":"https:\/\/www.crispet.com\/index.php?rest_route=%2Fwp%2Fv2%2Fproduct_tag&post=3287"}],"curies":[{"name":"wp","href":"https:\/\/api.w.org\/{rel}","templated":true}]}}