{"id":3361,"date":"2024-04-07T18:59:09","date_gmt":"2024-04-07T18:59:09","guid":{"rendered":"https:\/\/www.crispet.com\/?post_type=product&#038;p=3361"},"modified":"2024-04-07T19:09:38","modified_gmt":"2024-04-07T19:09:38","slug":"peitoral-mountain-escoces-ruffle","status":"publish","type":"product","link":"https:\/\/www.crispet.com\/?product=peitoral-mountain-escoces-ruffle","title":{"rendered":"PEITORAL MOUNTAIN ESCOC\u00caS RUFFLE"},"content":{"rendered":"<p>Peitoral Mountain Escoc\u00eas Ruffle<\/p>\n<p>Um peitoral atemporal proporciona conforto , tornando os passeios di\u00e1rios muito mais agrad\u00e1veis,  possu\u00ed ajuste no pesco\u00e7o e no peito.<\/p>\n<p>Composi\u00e7\u00e3o corpo peitoral &#8211; 60% algod\u00e3o-40% Poli\u00e9ster<\/p>\n<p>Precinta, Composi\u00e7\u00e3o- 100% Poli\u00e9ster<\/p>\n","protected":false},"excerpt":{"rendered":"<p>Peitoral Mountain Escoc\u00eas Ruffle Um peitoral atemporal proporciona conforto , tornando os passeios di\u00e1rios muito mais agrad\u00e1veis, possu\u00ed ajuste no pesco\u00e7o e no peito. Composi\u00e7\u00e3o corpo peitoral &#8211; 60% algod\u00e3o-40% [&hellip;]<\/p>\n","protected":false},"featured_media":3359,"comment_status":"open","ping_status":"closed","template":"","meta":{"jetpack_publicize_message":"","jetpack_publicize_feature_enabled":true,"jetpack_social_post_already_shared":true,"jetpack_social_options":{"image_generator_settings":{"template":"highway","default_image_id":0,"font":"","enabled":false},"version":2}},"product_brand":[],"product_cat":[61],"product_tag":[],"class_list":{"0":"post-3361","1":"product","2":"type-product","3":"status-publish","4":"has-post-thumbnail","6":"product_cat-peitorais","8":"first","9":"instock","10":"shipping-taxable","11":"purchasable","12":"product-type-variable"},"jetpack_publicize_connections":[],"jetpack_sharing_enabled":true,"_links":{"self":[{"href":"https:\/\/www.crispet.com\/index.php?rest_route=\/wp\/v2\/product\/3361","targetHints":{"allow":["GET"]}}],"collection":[{"href":"https:\/\/www.crispet.com\/index.php?rest_route=\/wp\/v2\/product"}],"about":[{"href":"https:\/\/www.crispet.com\/index.php?rest_route=\/wp\/v2\/types\/product"}],"replies":[{"embeddable":true,"href":"https:\/\/www.crispet.com\/index.php?rest_route=%2Fwp%2Fv2%2Fcomments&post=3361"}],"wp:featuredmedia":[{"embeddable":true,"href":"https:\/\/www.crispet.com\/index.php?rest_route=\/wp\/v2\/media\/3359"}],"wp:attachment":[{"href":"https:\/\/www.crispet.com\/index.php?rest_route=%2Fwp%2Fv2%2Fmedia&parent=3361"}],"wp:term":[{"taxonomy":"product_brand","embeddable":true,"href":"https:\/\/www.crispet.com\/index.php?rest_route=%2Fwp%2Fv2%2Fproduct_brand&post=3361"},{"taxonomy":"product_cat","embeddable":true,"href":"https:\/\/www.crispet.com\/index.php?rest_route=%2Fwp%2Fv2%2Fproduct_cat&post=3361"},{"taxonomy":"product_tag","embeddable":true,"href":"https:\/\/www.crispet.com\/index.php?rest_route=%2Fwp%2Fv2%2Fproduct_tag&post=3361"}],"curies":[{"name":"wp","href":"https:\/\/api.w.org\/{rel}","templated":true}]}}