{"id":3381,"date":"2024-04-11T09:58:07","date_gmt":"2024-04-11T09:58:07","guid":{"rendered":"https:\/\/www.crispet.com\/?product=bumbag-escoces"},"modified":"2024-04-12T00:15:28","modified_gmt":"2024-04-12T00:15:28","slug":"bumbag-escoces","status":"publish","type":"product","link":"https:\/\/www.crispet.com\/?product=bumbag-escoces","title":{"rendered":"BUMBAG ESCOC\u00caS"},"content":{"rendered":"<p>BUMBAG<\/p>\n<p>\u00c9 permitir uma maior comodidade durante atividades em que voc\u00ea precise ter f\u00e1cil acesso a esses objetos, como por exemplo em viagens, caminhadas ou festivais. Al\u00e9m disso, o uso de um bumbag tamb\u00e9m pode ser uma op\u00e7\u00e3o estilosa e pr\u00e1tica para adicionar um toque extra ao seu visual.<\/p>\n<p>50% de algod\u00e3o<\/p>\n<p>50% de poliester<\/p>\n<p>*valor para TAM.M*<\/p>\n","protected":false},"excerpt":{"rendered":"<p>BUMBAG \u00c9 permitir uma maior comodidade durante atividades em que voc\u00ea precise ter f\u00e1cil acesso a esses objetos, como por exemplo em viagens, caminhadas ou festivais. Al\u00e9m disso, o uso [&hellip;]<\/p>\n","protected":false},"featured_media":3397,"comment_status":"open","ping_status":"closed","template":"","meta":{"jetpack_publicize_message":"","jetpack_publicize_feature_enabled":true,"jetpack_social_post_already_shared":true,"jetpack_social_options":{"image_generator_settings":{"template":"highway","default_image_id":0,"font":"","enabled":false},"version":2}},"product_brand":[],"product_cat":[183],"product_tag":[],"class_list":{"0":"post-3381","1":"product","2":"type-product","3":"status-publish","4":"has-post-thumbnail","6":"product_cat-mala","8":"first","9":"instock","10":"shipping-taxable","11":"purchasable","12":"product-type-simple"},"jetpack_publicize_connections":[],"jetpack_sharing_enabled":true,"_links":{"self":[{"href":"https:\/\/www.crispet.com\/index.php?rest_route=\/wp\/v2\/product\/3381","targetHints":{"allow":["GET"]}}],"collection":[{"href":"https:\/\/www.crispet.com\/index.php?rest_route=\/wp\/v2\/product"}],"about":[{"href":"https:\/\/www.crispet.com\/index.php?rest_route=\/wp\/v2\/types\/product"}],"replies":[{"embeddable":true,"href":"https:\/\/www.crispet.com\/index.php?rest_route=%2Fwp%2Fv2%2Fcomments&post=3381"}],"wp:featuredmedia":[{"embeddable":true,"href":"https:\/\/www.crispet.com\/index.php?rest_route=\/wp\/v2\/media\/3397"}],"wp:attachment":[{"href":"https:\/\/www.crispet.com\/index.php?rest_route=%2Fwp%2Fv2%2Fmedia&parent=3381"}],"wp:term":[{"taxonomy":"product_brand","embeddable":true,"href":"https:\/\/www.crispet.com\/index.php?rest_route=%2Fwp%2Fv2%2Fproduct_brand&post=3381"},{"taxonomy":"product_cat","embeddable":true,"href":"https:\/\/www.crispet.com\/index.php?rest_route=%2Fwp%2Fv2%2Fproduct_cat&post=3381"},{"taxonomy":"product_tag","embeddable":true,"href":"https:\/\/www.crispet.com\/index.php?rest_route=%2Fwp%2Fv2%2Fproduct_tag&post=3381"}],"curies":[{"name":"wp","href":"https:\/\/api.w.org\/{rel}","templated":true}]}}