{"id":3407,"date":"2024-05-01T09:51:37","date_gmt":"2024-05-01T09:51:37","guid":{"rendered":"https:\/\/www.crispet.com\/?post_type=product&#038;p=3407"},"modified":"2024-05-01T09:59:24","modified_gmt":"2024-05-01T09:59:24","slug":"peitoral-siluet-ruffle","status":"publish","type":"product","link":"https:\/\/www.crispet.com\/?product=peitoral-siluet-ruffle","title":{"rendered":"PEITORAL SILUET RUFFLE"},"content":{"rendered":"<p>. O SILUET combina estilo e funcionalidade, proporcionando conforto para o seu c\u00e3o durante os passeios di\u00e1rios. Seu design moderno e ajust\u00e1vel no peito e pesco\u00e7o garante um ajuste seguro e confort\u00e1vel, enquanto as cores alegres adicionam um toque de divers\u00e3o. Escolher o peitoral SILUET \u00e9 garantir que seu c\u00e3o esteja confort\u00e1vel e com estilo em todas as suas aventuras ao ar livre.<\/p>\n<p>Composi\u00e7\u00e3o; 60% Poli\u00e9ster 40% algod\u00e3o<\/p>\n","protected":false},"excerpt":{"rendered":"<p>. O SILUET combina estilo e funcionalidade, proporcionando conforto para o seu c\u00e3o durante os passeios di\u00e1rios. Seu design moderno e ajust\u00e1vel no peito e pesco\u00e7o garante um ajuste seguro [&hellip;]<\/p>\n","protected":false},"featured_media":3405,"comment_status":"open","ping_status":"closed","template":"","meta":{"jetpack_publicize_message":"","jetpack_publicize_feature_enabled":true,"jetpack_social_post_already_shared":true,"jetpack_social_options":{"image_generator_settings":{"template":"highway","default_image_id":0,"font":"","enabled":false},"version":2}},"product_brand":[],"product_cat":[61],"product_tag":[184,181,24,173,23,174,172],"class_list":{"0":"post-3407","1":"product","2":"type-product","3":"status-publish","4":"has-post-thumbnail","6":"product_cat-peitorais","7":"product_tag-acessorios-pet","8":"product_tag-animal-de-estimacao","9":"product_tag-caes","10":"product_tag-peitorais","11":"product_tag-pets","12":"product_tag-roupas-pet","13":"product_tag-vestidos","15":"first","16":"instock","17":"shipping-taxable","18":"purchasable","19":"product-type-variable"},"jetpack_publicize_connections":[],"jetpack_sharing_enabled":true,"_links":{"self":[{"href":"https:\/\/www.crispet.com\/index.php?rest_route=\/wp\/v2\/product\/3407","targetHints":{"allow":["GET"]}}],"collection":[{"href":"https:\/\/www.crispet.com\/index.php?rest_route=\/wp\/v2\/product"}],"about":[{"href":"https:\/\/www.crispet.com\/index.php?rest_route=\/wp\/v2\/types\/product"}],"replies":[{"embeddable":true,"href":"https:\/\/www.crispet.com\/index.php?rest_route=%2Fwp%2Fv2%2Fcomments&post=3407"}],"wp:featuredmedia":[{"embeddable":true,"href":"https:\/\/www.crispet.com\/index.php?rest_route=\/wp\/v2\/media\/3405"}],"wp:attachment":[{"href":"https:\/\/www.crispet.com\/index.php?rest_route=%2Fwp%2Fv2%2Fmedia&parent=3407"}],"wp:term":[{"taxonomy":"product_brand","embeddable":true,"href":"https:\/\/www.crispet.com\/index.php?rest_route=%2Fwp%2Fv2%2Fproduct_brand&post=3407"},{"taxonomy":"product_cat","embeddable":true,"href":"https:\/\/www.crispet.com\/index.php?rest_route=%2Fwp%2Fv2%2Fproduct_cat&post=3407"},{"taxonomy":"product_tag","embeddable":true,"href":"https:\/\/www.crispet.com\/index.php?rest_route=%2Fwp%2Fv2%2Fproduct_tag&post=3407"}],"curies":[{"name":"wp","href":"https:\/\/api.w.org\/{rel}","templated":true}]}}