{"id":3422,"date":"2024-05-01T10:18:54","date_gmt":"2024-05-01T10:18:54","guid":{"rendered":"https:\/\/www.crispet.com\/?post_type=product&#038;p=3422"},"modified":"2024-05-01T10:35:07","modified_gmt":"2024-05-01T10:35:07","slug":"peitoral-bat-dog-premium","status":"publish","type":"product","link":"https:\/\/www.crispet.com\/?product=peitoral-bat-dog-premium","title":{"rendered":"Peitoral Bat-dog Premium"},"content":{"rendered":"<p>O peitoral Bat-dog foi projetado para garantir o conforto e a seguran\u00e7a do seu animal de estima\u00e7\u00e3o durante os passeios. Com ajuste no peito e pesco\u00e7o, proporciona um encaixe perfeito e evita desconfortos. Al\u00e9m disso, seu design moderno e estiloso faz com que seu companheiro peludo pare\u00e7a um verdadeiro modelo desfilando pela rua. Com o peitoral Bat-dog, voc\u00ea pode ter a tranquilidade de que seu animal estar\u00e1 protegido e com muito estilo em seus passeios.<\/p>\n<p>Composi\u00e7\u00e3o, 50% Poli\u00e9ster e 50% algod\u00e3o<\/p>\n","protected":false},"excerpt":{"rendered":"<p>O peitoral Bat-dog foi projetado para garantir o conforto e a seguran\u00e7a do seu animal de estima\u00e7\u00e3o durante os passeios. Com ajuste no peito e pesco\u00e7o, proporciona um encaixe perfeito [&hellip;]<\/p>\n","protected":false},"featured_media":3421,"comment_status":"open","ping_status":"closed","template":"","meta":{"jetpack_publicize_message":"","jetpack_publicize_feature_enabled":true,"jetpack_social_post_already_shared":true,"jetpack_social_options":{"image_generator_settings":{"template":"highway","default_image_id":0,"font":"","enabled":false},"version":2}},"product_brand":[],"product_cat":[61],"product_tag":[],"class_list":{"0":"post-3422","1":"product","2":"type-product","3":"status-publish","4":"has-post-thumbnail","6":"product_cat-peitorais","8":"first","9":"instock","10":"shipping-taxable","11":"purchasable","12":"product-type-variable"},"jetpack_publicize_connections":[],"jetpack_sharing_enabled":true,"_links":{"self":[{"href":"https:\/\/www.crispet.com\/index.php?rest_route=\/wp\/v2\/product\/3422","targetHints":{"allow":["GET"]}}],"collection":[{"href":"https:\/\/www.crispet.com\/index.php?rest_route=\/wp\/v2\/product"}],"about":[{"href":"https:\/\/www.crispet.com\/index.php?rest_route=\/wp\/v2\/types\/product"}],"replies":[{"embeddable":true,"href":"https:\/\/www.crispet.com\/index.php?rest_route=%2Fwp%2Fv2%2Fcomments&post=3422"}],"wp:featuredmedia":[{"embeddable":true,"href":"https:\/\/www.crispet.com\/index.php?rest_route=\/wp\/v2\/media\/3421"}],"wp:attachment":[{"href":"https:\/\/www.crispet.com\/index.php?rest_route=%2Fwp%2Fv2%2Fmedia&parent=3422"}],"wp:term":[{"taxonomy":"product_brand","embeddable":true,"href":"https:\/\/www.crispet.com\/index.php?rest_route=%2Fwp%2Fv2%2Fproduct_brand&post=3422"},{"taxonomy":"product_cat","embeddable":true,"href":"https:\/\/www.crispet.com\/index.php?rest_route=%2Fwp%2Fv2%2Fproduct_cat&post=3422"},{"taxonomy":"product_tag","embeddable":true,"href":"https:\/\/www.crispet.com\/index.php?rest_route=%2Fwp%2Fv2%2Fproduct_tag&post=3422"}],"curies":[{"name":"wp","href":"https:\/\/api.w.org\/{rel}","templated":true}]}}