{"id":3438,"date":"2024-05-03T09:23:53","date_gmt":"2024-05-03T09:23:53","guid":{"rendered":"https:\/\/www.crispet.com\/?post_type=product&#038;p=3438"},"modified":"2024-05-03T09:47:47","modified_gmt":"2024-05-03T09:47:47","slug":"peitoral-teka-ruffle","status":"publish","type":"product","link":"https:\/\/www.crispet.com\/?product=peitoral-teka-ruffle","title":{"rendered":"PEITORAL TEKA RUFFLE"},"content":{"rendered":"<p>O peitoral Teka, \u00e9 o peitoral indicado para quem busca praticidade e conforto para o seu patudo, com ajuste no peito e pesco\u00e7o adaptando se a diferentes tamanhos de animais. com um design moderno o seu patudinho vai desfilar por onde passar.<\/p>\n<p>composi\u00e7\u00e3o; 50% algod\u00e3o  50%Poli\u00e9ster<\/p>\n","protected":false},"excerpt":{"rendered":"<p>O peitoral Teka, \u00e9 o peitoral indicado para quem busca praticidade e conforto para o seu patudo, com ajuste no peito e pesco\u00e7o adaptando se a diferentes tamanhos de animais. [&hellip;]<\/p>\n","protected":false},"featured_media":3435,"comment_status":"open","ping_status":"closed","template":"","meta":{"jetpack_publicize_message":"","jetpack_publicize_feature_enabled":true,"jetpack_social_post_already_shared":true,"jetpack_social_options":{"image_generator_settings":{"template":"highway","default_image_id":0,"font":"","enabled":false},"version":2}},"product_brand":[],"product_cat":[61],"product_tag":[184,181,24,25,23,191],"class_list":{"0":"post-3438","1":"product","2":"type-product","3":"status-publish","4":"has-post-thumbnail","6":"product_cat-peitorais","7":"product_tag-acessorios-pet","8":"product_tag-animal-de-estimacao","9":"product_tag-caes","10":"product_tag-gatos","11":"product_tag-pets","12":"product_tag-teka","14":"first","15":"instock","16":"shipping-taxable","17":"purchasable","18":"product-type-variable"},"jetpack_publicize_connections":[],"jetpack_sharing_enabled":true,"_links":{"self":[{"href":"https:\/\/www.crispet.com\/index.php?rest_route=\/wp\/v2\/product\/3438","targetHints":{"allow":["GET"]}}],"collection":[{"href":"https:\/\/www.crispet.com\/index.php?rest_route=\/wp\/v2\/product"}],"about":[{"href":"https:\/\/www.crispet.com\/index.php?rest_route=\/wp\/v2\/types\/product"}],"replies":[{"embeddable":true,"href":"https:\/\/www.crispet.com\/index.php?rest_route=%2Fwp%2Fv2%2Fcomments&post=3438"}],"wp:featuredmedia":[{"embeddable":true,"href":"https:\/\/www.crispet.com\/index.php?rest_route=\/wp\/v2\/media\/3435"}],"wp:attachment":[{"href":"https:\/\/www.crispet.com\/index.php?rest_route=%2Fwp%2Fv2%2Fmedia&parent=3438"}],"wp:term":[{"taxonomy":"product_brand","embeddable":true,"href":"https:\/\/www.crispet.com\/index.php?rest_route=%2Fwp%2Fv2%2Fproduct_brand&post=3438"},{"taxonomy":"product_cat","embeddable":true,"href":"https:\/\/www.crispet.com\/index.php?rest_route=%2Fwp%2Fv2%2Fproduct_cat&post=3438"},{"taxonomy":"product_tag","embeddable":true,"href":"https:\/\/www.crispet.com\/index.php?rest_route=%2Fwp%2Fv2%2Fproduct_tag&post=3438"}],"curies":[{"name":"wp","href":"https:\/\/api.w.org\/{rel}","templated":true}]}}