{"id":3528,"date":"2024-05-18T23:56:08","date_gmt":"2024-05-18T23:56:08","guid":{"rendered":"https:\/\/www.crispet.com\/?post_type=product&#038;p=3528"},"modified":"2026-03-02T22:00:41","modified_gmt":"2026-03-02T22:00:41","slug":"mala-basket-2","status":"publish","type":"product","link":"https:\/\/www.crispet.com\/?product=mala-basket-2","title":{"rendered":"MALA BASKET"},"content":{"rendered":"<p>A mala Basket \u00e9 uma \u00f3tima maneira de transportar seu animal de estima\u00e7\u00e3o.<\/p>\n<p>A mala Basket \u00e9 muito espa\u00e7osa<\/p>\n<p>Base rija e leva um l colch\u00e3o para que o seu patudinho se sinta confort\u00e1vel.<\/p>\n<p>Al\u00e7a de m\u00e3o, de ombro e uma al\u00e7a ajust\u00e1vel<\/p>\n<p>Op\u00e7\u00e3o de personalizar em cores e tamanhos adequando-se a diferentes ra\u00e7as<\/p>\n<p>Materiais e Cuidados<\/p>\n<p>Materiais: Tartan<\/p>\n<p>Cuidados: Sugerimos lavar em ciclo suave e frio ou limpar no local conforme necess\u00e1rio. Certifique-se de secar o item ao ar livre e n\u00e3o use uma m\u00e1quina de secar.<\/p>\n<p>Dimensionamento<\/p>\n<p>Recomendado para c\u00e3es com peso at\u00e9 6kg.<\/p>\n<p>Medidas aproximadamente<\/p>\n<p>Base: 45&#215;22,5cm, Comprimento superior: 45cm, Altura: 28cm, Comprimento da al\u00e7a: 160cm.<\/p>\n","protected":false},"excerpt":{"rendered":"<p>A mala Basket \u00e9 uma \u00f3tima maneira de transportar seu animal de estima\u00e7\u00e3o. A mala Basket \u00e9 muito espa\u00e7osa Base rija e leva um l colch\u00e3o para que o seu [&hellip;]<\/p>\n","protected":false},"featured_media":3523,"comment_status":"open","ping_status":"closed","template":"","meta":{"jetpack_publicize_message":"","jetpack_publicize_feature_enabled":true,"jetpack_social_post_already_shared":true,"jetpack_social_options":{"image_generator_settings":{"template":"highway","default_image_id":0,"font":"","enabled":false},"version":2}},"product_brand":[],"product_cat":[183],"product_tag":[184,181,182,176,24,25],"class_list":{"0":"post-3528","1":"product","2":"type-product","3":"status-publish","4":"has-post-thumbnail","6":"product_cat-mala","7":"product_tag-acessorios-pet","8":"product_tag-animal-de-estimacao","9":"product_tag-bag","10":"product_tag-cadeira-carro","11":"product_tag-caes","12":"product_tag-gatos","14":"first","15":"instock","16":"shipping-taxable","17":"purchasable","18":"product-type-variable"},"jetpack_publicize_connections":[],"jetpack_sharing_enabled":true,"_links":{"self":[{"href":"https:\/\/www.crispet.com\/index.php?rest_route=\/wp\/v2\/product\/3528","targetHints":{"allow":["GET"]}}],"collection":[{"href":"https:\/\/www.crispet.com\/index.php?rest_route=\/wp\/v2\/product"}],"about":[{"href":"https:\/\/www.crispet.com\/index.php?rest_route=\/wp\/v2\/types\/product"}],"replies":[{"embeddable":true,"href":"https:\/\/www.crispet.com\/index.php?rest_route=%2Fwp%2Fv2%2Fcomments&post=3528"}],"wp:featuredmedia":[{"embeddable":true,"href":"https:\/\/www.crispet.com\/index.php?rest_route=\/wp\/v2\/media\/3523"}],"wp:attachment":[{"href":"https:\/\/www.crispet.com\/index.php?rest_route=%2Fwp%2Fv2%2Fmedia&parent=3528"}],"wp:term":[{"taxonomy":"product_brand","embeddable":true,"href":"https:\/\/www.crispet.com\/index.php?rest_route=%2Fwp%2Fv2%2Fproduct_brand&post=3528"},{"taxonomy":"product_cat","embeddable":true,"href":"https:\/\/www.crispet.com\/index.php?rest_route=%2Fwp%2Fv2%2Fproduct_cat&post=3528"},{"taxonomy":"product_tag","embeddable":true,"href":"https:\/\/www.crispet.com\/index.php?rest_route=%2Fwp%2Fv2%2Fproduct_tag&post=3528"}],"curies":[{"name":"wp","href":"https:\/\/api.w.org\/{rel}","templated":true}]}}