{"id":3598,"date":"2024-06-22T23:09:22","date_gmt":"2024-06-22T23:09:22","guid":{"rendered":"https:\/\/www.crispet.com\/?post_type=product&#038;p=3598"},"modified":"2024-06-22T23:18:50","modified_gmt":"2024-06-22T23:18:50","slug":"bone-pet","status":"publish","type":"product","link":"https:\/\/www.crispet.com\/?product=bone-pet","title":{"rendered":"Bon\u00e9 Pet"},"content":{"rendered":"<p>Os Bones Cris Pet s\u00e3o a solu\u00e7\u00e3o perfeita para proteger seu patudo do sol. Com designs variados e tamanhos ajust\u00e1veis, garantem conforto e estilo ao mesmo tempo. Proporcionam uma barreira eficaz contra os raios solares, mantendo seu pet fresco e protegido durante os passeios ao ar livre. Escolha um bon\u00e9 Cris Pet e proporcione ao seu companheiro de quatro patas o cuidado que ele merece sob o sol.<br \/>\nSHOP NOW<br \/>\nwww.crispet.com<br \/>\n#petlovers #cachorrosfofos #gatosfelizes #amorporanimais #vidapet #amomeupet<br \/>\nColocaria um bon\u00e9 ao seu patudinho?<\/p>\n","protected":false},"excerpt":{"rendered":"<p>Os Bones Cris Pet s\u00e3o a solu\u00e7\u00e3o perfeita para proteger seu patudo do sol. Com designs variados e tamanhos ajust\u00e1veis, garantem conforto e estilo ao mesmo tempo. Proporcionam uma barreira [&hellip;]<\/p>\n","protected":false},"featured_media":3593,"comment_status":"open","ping_status":"closed","template":"","meta":{"jetpack_publicize_message":"","jetpack_publicize_feature_enabled":true,"jetpack_social_post_already_shared":true,"jetpack_social_options":{"image_generator_settings":{"template":"highway","default_image_id":0,"font":"","enabled":false},"version":2}},"product_brand":[],"product_cat":[187],"product_tag":[208,204,205,207,206],"class_list":{"0":"post-3598","1":"product","2":"type-product","3":"status-publish","4":"has-post-thumbnail","6":"product_cat-acessorios","7":"product_tag-amo-cachoro","8":"product_tag-bone","9":"product_tag-cachorros-fofos","10":"product_tag-gatos-felizes","11":"product_tag-pet-lovers","13":"first","14":"instock","15":"shipping-taxable","16":"purchasable","17":"product-type-variable"},"jetpack_publicize_connections":[],"jetpack_sharing_enabled":true,"_links":{"self":[{"href":"https:\/\/www.crispet.com\/index.php?rest_route=\/wp\/v2\/product\/3598","targetHints":{"allow":["GET"]}}],"collection":[{"href":"https:\/\/www.crispet.com\/index.php?rest_route=\/wp\/v2\/product"}],"about":[{"href":"https:\/\/www.crispet.com\/index.php?rest_route=\/wp\/v2\/types\/product"}],"replies":[{"embeddable":true,"href":"https:\/\/www.crispet.com\/index.php?rest_route=%2Fwp%2Fv2%2Fcomments&post=3598"}],"wp:featuredmedia":[{"embeddable":true,"href":"https:\/\/www.crispet.com\/index.php?rest_route=\/wp\/v2\/media\/3593"}],"wp:attachment":[{"href":"https:\/\/www.crispet.com\/index.php?rest_route=%2Fwp%2Fv2%2Fmedia&parent=3598"}],"wp:term":[{"taxonomy":"product_brand","embeddable":true,"href":"https:\/\/www.crispet.com\/index.php?rest_route=%2Fwp%2Fv2%2Fproduct_brand&post=3598"},{"taxonomy":"product_cat","embeddable":true,"href":"https:\/\/www.crispet.com\/index.php?rest_route=%2Fwp%2Fv2%2Fproduct_cat&post=3598"},{"taxonomy":"product_tag","embeddable":true,"href":"https:\/\/www.crispet.com\/index.php?rest_route=%2Fwp%2Fv2%2Fproduct_tag&post=3598"}],"curies":[{"name":"wp","href":"https:\/\/api.w.org\/{rel}","templated":true}]}}