{"id":3713,"date":"2026-01-31T11:07:18","date_gmt":"2026-01-31T11:07:18","guid":{"rendered":"https:\/\/www.crispet.com\/?post_type=product&#038;p=3713"},"modified":"2026-01-31T11:18:23","modified_gmt":"2026-01-31T11:18:23","slug":"cadeira-carro-basic-2","status":"publish","type":"product","link":"https:\/\/www.crispet.com\/?product=cadeira-carro-basic-2","title":{"rendered":"Cadeira Carro"},"content":{"rendered":"<p>Cadeira para Carro Cris Pet \u2013 Transporte Seguro e Legal em Portugal<\/p>\n<p>Evite coimas e garanta o m\u00e1ximo conforto ao seu pet. De acordo com o C\u00f3digo da Estrada portugu\u00eas, o transporte de animais soltos no ve\u00edculo \u00e9 proibido e pun\u00edvel.<\/p>\n<p>A Cadeira Cris Pet \u00e9 a forma certa de viajar em seguran\u00e7a!<\/p>\n<p>\u2713 OBRIGAT\u00d3RIO POR LEI: Solu\u00e7\u00e3o adequada para cumprir a legisla\u00e7\u00e3o e evitar multas.<\/p>\n<p>\u2713 SEGURAN\u00c7A ANTITRAVAGEM: Mant\u00e9m o pet est\u00e1vel e protegido em freadas ou curvas.<\/p>\n<p>\u2713 CONFORTO: Assento acolhedor para viagens relaxantes.<\/p>\n<p>\u2713 IMPERME\u00c1VEL &amp; HIGI\u00c9NICA: Protege o banco do carro. Capa lav\u00e1vel \u00e0 m\u00e1quina para f\u00e1cil limpeza.<\/p>\n<p>\u2713 DUR\u00c1VEL: Materiais resistentes para uso prolongado.<\/p>\n<p>\u2714\ufe0f Designer moderno e personaliz\u00e1vel<\/p>\n<p>\u2714\ufe0f M 70\u00d750 cm interior amov\u00edvel<\/p>\n<p>\u2714\ufe0f S 55\u00d745 cm interior amov\u00edvel<\/p>\n<p>\u2714\ufe0f XS  50\u00d740cm interior amov\u00edvel<\/p>\n<p>N\u00e3o transporte o seu amigo \u00e0 sorte. Escolha seguran\u00e7a e conformidade. Compre j\u00e1!<\/p>\n","protected":false},"excerpt":{"rendered":"<p>Cadeira para Carro Cris Pet \u2013 Transporte Seguro e Legal em Portugal Evite coimas e garanta o m\u00e1ximo conforto ao seu pet. De acordo com o C\u00f3digo da Estrada portugu\u00eas, [&hellip;]<\/p>\n","protected":false},"featured_media":3717,"comment_status":"open","ping_status":"closed","template":"","meta":{"jetpack_publicize_message":"","jetpack_publicize_feature_enabled":true,"jetpack_social_post_already_shared":true,"jetpack_social_options":{"image_generator_settings":{"template":"highway","default_image_id":0,"font":"","enabled":false},"version":2}},"product_brand":[],"product_cat":[96],"product_tag":[],"class_list":{"0":"post-3713","1":"product","2":"type-product","3":"status-publish","4":"has-post-thumbnail","6":"product_cat-cama-car-seat","8":"first","9":"instock","10":"shipping-taxable","11":"purchasable","12":"product-type-variable"},"jetpack_publicize_connections":[],"jetpack_sharing_enabled":true,"_links":{"self":[{"href":"https:\/\/www.crispet.com\/index.php?rest_route=\/wp\/v2\/product\/3713","targetHints":{"allow":["GET"]}}],"collection":[{"href":"https:\/\/www.crispet.com\/index.php?rest_route=\/wp\/v2\/product"}],"about":[{"href":"https:\/\/www.crispet.com\/index.php?rest_route=\/wp\/v2\/types\/product"}],"replies":[{"embeddable":true,"href":"https:\/\/www.crispet.com\/index.php?rest_route=%2Fwp%2Fv2%2Fcomments&post=3713"}],"wp:featuredmedia":[{"embeddable":true,"href":"https:\/\/www.crispet.com\/index.php?rest_route=\/wp\/v2\/media\/3717"}],"wp:attachment":[{"href":"https:\/\/www.crispet.com\/index.php?rest_route=%2Fwp%2Fv2%2Fmedia&parent=3713"}],"wp:term":[{"taxonomy":"product_brand","embeddable":true,"href":"https:\/\/www.crispet.com\/index.php?rest_route=%2Fwp%2Fv2%2Fproduct_brand&post=3713"},{"taxonomy":"product_cat","embeddable":true,"href":"https:\/\/www.crispet.com\/index.php?rest_route=%2Fwp%2Fv2%2Fproduct_cat&post=3713"},{"taxonomy":"product_tag","embeddable":true,"href":"https:\/\/www.crispet.com\/index.php?rest_route=%2Fwp%2Fv2%2Fproduct_tag&post=3713"}],"curies":[{"name":"wp","href":"https:\/\/api.w.org\/{rel}","templated":true}]}}