{"id":3755,"date":"2026-02-18T01:43:02","date_gmt":"2026-02-18T01:43:02","guid":{"rendered":"https:\/\/www.crispet.com\/?product=nextume-luxury-polar"},"modified":"2026-02-18T01:43:02","modified_gmt":"2026-02-18T01:43:02","slug":"nextume-luxury-polar","status":"publish","type":"product","link":"https:\/\/www.crispet.com\/?product=nextume-luxury-polar","title":{"rendered":"Nextume Luxury Polar"},"content":{"rendered":"<p>O Ref\u00fagio de Conforto que o seu Melhor Amigo Merece<\/p>\n<p>Proporcione ao seu patudo o equil\u00f3gio perfeito entre design moderno e conforto supremo com a cama Nextume Luxury Polar. Com um elegante formato &#8220;ninho&#8221;, esta cama foi desenhada para aconchegar e proporcionar uma sensa\u00e7\u00e3o de seguran\u00e7a e prote\u00e7\u00e3o, ideal para aquelas longas sestas.<\/p>\n<p>Fabricada com tecidos de alta resist\u00eancia e acabamentos de qualidade, a linha Luxury Polar alia durabilidade \u00e0 suavidade das suas cores suaves, complementando qualquer decora\u00e7\u00e3o com um toque de sofistica\u00e7\u00e3o.<\/p>\n<p>A pensar na praticidade do dia a dia, a Nextume apresenta uma forra amov\u00edvel, que permite uma lavagem f\u00e1cil e r\u00e1pida, garantindo a higiene e a durabilidade do produto. Mime o seu amigo de quatro patas com o luxo e o aconchego que ele procura.<\/p>\n<p>Tamanho ; 60X45cm<\/p>\n","protected":false},"excerpt":{"rendered":"<p>O Ref\u00fagio de Conforto que o seu Melhor Amigo Merece Proporcione ao seu patudo o equil\u00f3gio perfeito entre design moderno e conforto supremo com a cama Nextume Luxury Polar. Com [&hellip;]<\/p>\n","protected":false},"featured_media":3752,"comment_status":"open","ping_status":"closed","template":"","meta":{"jetpack_publicize_message":"","jetpack_publicize_feature_enabled":true,"jetpack_social_post_already_shared":true,"jetpack_social_options":{"image_generator_settings":{"template":"highway","default_image_id":0,"font":"","enabled":false},"version":2}},"product_brand":[],"product_cat":[53],"product_tag":[208,24,62,64,22,25,209,23],"class_list":{"0":"post-3755","1":"product","2":"type-product","3":"status-publish","4":"has-post-thumbnail","6":"product_cat-semcategoria","7":"product_tag-amo-cachoro","8":"product_tag-caes","9":"product_tag-cama","10":"product_tag-cama-princesa","11":"product_tag-caminhas","12":"product_tag-gatos","13":"product_tag-ninho","14":"product_tag-pets","16":"first","17":"instock","18":"shipping-taxable","19":"purchasable","20":"product-type-simple"},"jetpack_publicize_connections":[],"jetpack_sharing_enabled":true,"_links":{"self":[{"href":"https:\/\/www.crispet.com\/index.php?rest_route=\/wp\/v2\/product\/3755","targetHints":{"allow":["GET"]}}],"collection":[{"href":"https:\/\/www.crispet.com\/index.php?rest_route=\/wp\/v2\/product"}],"about":[{"href":"https:\/\/www.crispet.com\/index.php?rest_route=\/wp\/v2\/types\/product"}],"replies":[{"embeddable":true,"href":"https:\/\/www.crispet.com\/index.php?rest_route=%2Fwp%2Fv2%2Fcomments&post=3755"}],"wp:featuredmedia":[{"embeddable":true,"href":"https:\/\/www.crispet.com\/index.php?rest_route=\/wp\/v2\/media\/3752"}],"wp:attachment":[{"href":"https:\/\/www.crispet.com\/index.php?rest_route=%2Fwp%2Fv2%2Fmedia&parent=3755"}],"wp:term":[{"taxonomy":"product_brand","embeddable":true,"href":"https:\/\/www.crispet.com\/index.php?rest_route=%2Fwp%2Fv2%2Fproduct_brand&post=3755"},{"taxonomy":"product_cat","embeddable":true,"href":"https:\/\/www.crispet.com\/index.php?rest_route=%2Fwp%2Fv2%2Fproduct_cat&post=3755"},{"taxonomy":"product_tag","embeddable":true,"href":"https:\/\/www.crispet.com\/index.php?rest_route=%2Fwp%2Fv2%2Fproduct_tag&post=3755"}],"curies":[{"name":"wp","href":"https:\/\/api.w.org\/{rel}","templated":true}]}}