{"id":3759,"date":"2026-02-18T02:01:50","date_gmt":"2026-02-18T02:01:50","guid":{"rendered":"https:\/\/www.crispet.com\/?product=cadeira-carro"},"modified":"2026-03-26T23:28:22","modified_gmt":"2026-03-26T23:28:22","slug":"cadeira-carro","status":"publish","type":"product","link":"https:\/\/www.crispet.com\/?product=cadeira-carro","title":{"rendered":"Cadeira Carro"},"content":{"rendered":"<p>Cadeira para Carro Cris Pet: Seguran\u00e7a Obrigat\u00f3ria e Conforto para seu Pet!<\/p>\n<p>Viaje em conformidade com a lei e com o cora\u00e7\u00e3o tranquilo. Em Portugal, transportar o seu animal solto no carro \u00e9 pun\u00edvel com coima de at\u00e9 600\u20ac . A Cadeira Cris Pet garante a seguran\u00e7a legal do seu amigo, com conforto imperme\u00e1vel e f\u00e1cil de limpar (lav\u00e1vel \u00e0 m\u00e1quina!). Porque quem ama, cuida e protege.<\/p>\n<p>Tamanho; 50x45cm<\/p>\n","protected":false},"excerpt":{"rendered":"<p>Cadeira para Carro Cris Pet: Seguran\u00e7a Obrigat\u00f3ria e Conforto para seu Pet! Viaje em conformidade com a lei e com o cora\u00e7\u00e3o tranquilo. Em Portugal, transportar o seu animal solto [&hellip;]<\/p>\n","protected":false},"featured_media":3756,"comment_status":"open","ping_status":"closed","template":"","meta":{"jetpack_publicize_message":"","jetpack_publicize_feature_enabled":true,"jetpack_social_post_already_shared":true,"jetpack_social_options":{"image_generator_settings":{"template":"highway","default_image_id":0,"font":"","enabled":false},"version":2}},"product_brand":[],"product_cat":[96],"product_tag":[181,176,24,62,64,25,23,177],"class_list":{"0":"post-3759","1":"product","2":"type-product","3":"status-publish","4":"has-post-thumbnail","6":"product_cat-cama-car-seat","7":"product_tag-animal-de-estimacao","8":"product_tag-cadeira-carro","9":"product_tag-caes","10":"product_tag-cama","11":"product_tag-cama-princesa","12":"product_tag-gatos","13":"product_tag-pets","14":"product_tag-transportadora-carro","16":"first","17":"instock","18":"shipping-taxable","19":"purchasable","20":"product-type-simple"},"jetpack_publicize_connections":[],"jetpack_sharing_enabled":true,"_links":{"self":[{"href":"https:\/\/www.crispet.com\/index.php?rest_route=\/wp\/v2\/product\/3759","targetHints":{"allow":["GET"]}}],"collection":[{"href":"https:\/\/www.crispet.com\/index.php?rest_route=\/wp\/v2\/product"}],"about":[{"href":"https:\/\/www.crispet.com\/index.php?rest_route=\/wp\/v2\/types\/product"}],"replies":[{"embeddable":true,"href":"https:\/\/www.crispet.com\/index.php?rest_route=%2Fwp%2Fv2%2Fcomments&post=3759"}],"wp:featuredmedia":[{"embeddable":true,"href":"https:\/\/www.crispet.com\/index.php?rest_route=\/wp\/v2\/media\/3756"}],"wp:attachment":[{"href":"https:\/\/www.crispet.com\/index.php?rest_route=%2Fwp%2Fv2%2Fmedia&parent=3759"}],"wp:term":[{"taxonomy":"product_brand","embeddable":true,"href":"https:\/\/www.crispet.com\/index.php?rest_route=%2Fwp%2Fv2%2Fproduct_brand&post=3759"},{"taxonomy":"product_cat","embeddable":true,"href":"https:\/\/www.crispet.com\/index.php?rest_route=%2Fwp%2Fv2%2Fproduct_cat&post=3759"},{"taxonomy":"product_tag","embeddable":true,"href":"https:\/\/www.crispet.com\/index.php?rest_route=%2Fwp%2Fv2%2Fproduct_tag&post=3759"}],"curies":[{"name":"wp","href":"https:\/\/api.w.org\/{rel}","templated":true}]}}